{"id":4,"date":"2018-04-16T10:15:25","date_gmt":"2018-04-16T10:15:25","guid":{"rendered":"https:\/\/idingstad.se\/?page_id=4"},"modified":"2018-04-17T10:51:22","modified_gmt":"2018-04-17T10:51:22","slug":"idingstad-sateri","status":"publish","type":"page","link":"https:\/\/idingstad.se\/","title":{"rendered":"Idingstad s\u00e4teri"},"content":{"rendered":"<p>Vi har beslutat att inte l\u00e4ngre erbjuda konferenser eller hotellboende.<br \/> Nu bygger vi om hotellrummen i v\u00e5ra sidobyggnader till l\u00e4genheter f\u00f6r permanentboende och till f\u00f6retagsl\u00e4genheter f\u00f6r korttidsboende.<\/p>\n<p>V\u00e4lkomna att ringa Per p\u00e5 tel. <a style=\"color: #ffffff; text-decoration: underline;\" href=\"tel:0706263659\" target=\"_blank\" rel=\"noopener\">070-626 36 59<\/a> <br \/>f\u00f6r mer information om boendealternativ.<\/p>\n<p>Per &amp; Matilda<\/p>\n","protected":false},"excerpt":{"rendered":"<p>Vi har beslutat att inte l\u00e4ngre erbjuda konferenser eller hotellboende. Nu bygger vi om hotellrummen i v\u00e5ra sidobyggnader till l\u00e4genheter f\u00f6r permanentboende och till f\u00f6retagsl\u00e4genheter f\u00f6r korttidsboende. V\u00e4lkomna att ringa Per p\u00e5 tel. 070-626 36 59 f\u00f6r mer information om boendealternativ. Per &amp; Matilda<\/p>\n","protected":false},"author":1,"featured_media":0,"parent":0,"menu_order":0,"comment_status":"closed","ping_status":"closed","template":"elementor_canvas","meta":[],"_links":{"self":[{"href":"https:\/\/idingstad.se\/index.php?rest_route=\/wp\/v2\/pages\/4"}],"collection":[{"href":"https:\/\/idingstad.se\/index.php?rest_route=\/wp\/v2\/pages"}],"about":[{"href":"https:\/\/idingstad.se\/index.php?rest_route=\/wp\/v2\/types\/page"}],"author":[{"embeddable":true,"href":"https:\/\/idingstad.se\/index.php?rest_route=\/wp\/v2\/users\/1"}],"replies":[{"embeddable":true,"href":"https:\/\/idingstad.se\/index.php?rest_route=%2Fwp%2Fv2%2Fcomments&post=4"}],"version-history":[{"count":25,"href":"https:\/\/idingstad.se\/index.php?rest_route=\/wp\/v2\/pages\/4\/revisions"}],"predecessor-version":[{"id":38,"href":"https:\/\/idingstad.se\/index.php?rest_route=\/wp\/v2\/pages\/4\/revisions\/38"}],"wp:attachment":[{"href":"https:\/\/idingstad.se\/index.php?rest_route=%2Fwp%2Fv2%2Fmedia&parent=4"}],"curies":[{"name":"wp","href":"https:\/\/api.w.org\/{rel}","templated":true}]}}